{"id":3085,"date":"2024-04-21T10:51:43","date_gmt":"2024-04-21T10:51:43","guid":{"rendered":"https:\/\/sosmedecinagadir.com\/?page_id=3085"},"modified":"2024-11-20T14:49:26","modified_gmt":"2024-11-20T14:49:26","slug":"mentions-legales","status":"publish","type":"page","link":"https:\/\/sosmedecinagadir.com\/es\/mentions-legales\/","title":{"rendered":"Mentions l\u00e9gales"},"content":{"rendered":"<h2 class=\"wp-block-heading\">Mentions l\u00e9gales<\/h2>\n\n\n\n<p>En savoir plus sur nos conditions et accords li\u00e9s \u00e0 nos mentions l\u00e9gales.<\/p>\n\n\n\n<p>En vous connectant sur ce site, vous acceptez sans r\u00e9serve les pr\u00e9sentes modalit\u00e9s et conditions d\u2019utilisation. Les responsables du pr\u00e9sent site internet sosmedecinagadir.com sont :<\/p>\n\n\n\n<p><br><strong>Si\u00e9ge social <\/strong>: 44, Rue des h\u00f4pitaux, Quartier des h\u00f4pitaux | 20360 , Maroc<br><strong>T\u00e9l\u00e9phone :<\/strong> 06 06 320 320<br><strong>Email :<\/strong> sosmedecin20@gmail.com<br><strong>Site Web : <\/strong>sosmedecinagadir.com<\/p>\n\n\n\n<p><strong>H\u00e9bergeur :<\/strong> HOSTINGER<br><strong>Adresse :<\/strong> \u0160vitrigailos str. 34, Vilnius 03230 Lithuania<br><strong>Site Web :<\/strong> www.hostinger.com<\/p>\n\n\n\n<p>Pour une qualit\u00e9 d\u2019utilisation optimale, nous vous recommandons de recourir \u00e0 des navigateurs modernes comme Google Chrome, Firefox, Microsoft Edge, etc\u2026<\/p>\n\n\n\n<p>Le Minist\u00e8re de l\u2019Industrie, du Commerce et de l\u2019\u00c9conomie Verte et Num\u00e9rique met en \u0153uvre tous les moyens dont il dispose, pour assurer une information fiable et une mise \u00e0 jour fiable de ses sites internet. Toutefois, des erreurs ou omissions peuvent survenir. L\u2019internaute devra donc s\u2019assurer de l\u2019exactitude des informations aupr\u00e8s de la Division de la Communication du Minist\u00e8re, et signaler toutes modifications du site qu\u2019il jugerait utile.<\/p>\n\n\n\n<p>Nous avons n\u2019est en aucun cas responsable de l\u2019utilisation faite de ces informations, et de tout pr\u00e9judice direct ou indirect pouvant en d\u00e9couler.<\/p>\n\n\n\n<p>Les sites internet de peuvent offrir des liens vers d\u2019autres sites internet ou d\u2019autres ressources disponibles sur Internet. Le Minist\u00e8re de l\u2019Industrie, du Commerce et de l\u2019\u00c9conomie Verte et Num\u00e9rique ne dispose d\u2019aucun moyen pour contr\u00f4ler les sites en connexion avec ses sites internet. Le Minist\u00e8re de l\u2019Industrie, du Commerce et de l\u2019\u00c9conomie Verte et Num\u00e9rique ne r\u00e9pond pas de la disponibilit\u00e9 de tels sites et sources externes, ni ne la garantit. Le Minist\u00e8re ne peut \u00eatre tenue pour responsable de tout dommage, de quelque nature que ce soit, r\u00e9sultant du contenu de ces sites ou sources externes, et notamment des informations, produits ou services qu\u2019ils proposent, ou de tout usage qui peut \u00eatre fait de ces \u00e9l\u00e9ments. Les risques li\u00e9s \u00e0 cette utilisation incombent pleinement \u00e0 l\u2019internaute, qui doit se conformer \u00e0 leurs conditions d\u2019utilisation.<\/p>\n\n\n\n<p>Les utilisateurs, les abonn\u00e9s et les visiteurs des sites internet de ne peuvent mettre en place un hyperlien en direction de ce site sans l\u2019autorisation expresse et pr\u00e9alable du Minist\u00e8re de l\u2019Industrie, du Commerce et de l\u2019\u00c9conomie Verte et Num\u00e9rique.<\/p>\n\n\n\n<p>Dans l\u2019hypoth\u00e8se o\u00f9 un utilisateur ou visiteur souhaiterait mettre en place un hyperlien en direction d\u2019un des sites internet du Minist\u00e8re de l\u2019Industrie, du Commerce et de l\u2019\u00c9conomie Verte et Num\u00e9rique, il lui appartiendra d\u2019adresser un email accessible sur le site afin de formuler sa demande de mise en place d\u2019un hyperlien. Le Minist\u00e8re de l\u2019Industrie, du Commerce et de l\u2019\u00c9conomie Verte et Num\u00e9rique se r\u00e9serve le droit d\u2019accepter ou de refuser un hyperlien sans avoir \u00e0 en justifier sa d\u00e9cision.<\/p>\n\n\n\n<h3 class=\"wp-block-heading\"><strong>Limitation contractuelles sur les donn\u00e9es :<\/strong><\/h3>\n\n\n\n<p>Les informations contenues sur ce site sont aussi pr\u00e9cises que possibles et le site remis \u00e0 jour \u00e0 diff\u00e9rentes p\u00e9riodes de l\u2019ann\u00e9e, mais peut toutefois contenir des inexactitudes ou des omissions. Si vous constatez une lacune, erreur ou ce qui para\u00eet \u00eatre un dysfonctionnement, merci de bien vouloir le signaler par email, \u00e0 l\u2019adresse contact@sosmedecinagadir.com, en d\u00e9crivant le probl\u00e8me de la mani\u00e8re la plus pr\u00e9cise possible (page posant probl\u00e8me, type d\u2019ordinateur et de navigateur utilis\u00e9, \u2026).<\/p>\n\n\n\n<p>Tout contenu t\u00e9l\u00e9charg\u00e9 se fait aux risques et p\u00e9rils de l\u2019utilisateur et sous sa seule responsabilit\u00e9. En cons\u00e9quence, ne saurait \u00eatre tenu responsable d\u2019un quelconque dommage subi par l\u2019ordinateur de l\u2019utilisateur ou d\u2019une quelconque perte de donn\u00e9es cons\u00e9cutives au t\u00e9l\u00e9chargement. De plus, l\u2019utilisateur du site s\u2019engage \u00e0 acc\u00e9der au site en utilisant un mat\u00e9riel r\u00e9cent, ne contenant pas de virus et avec un navigateur de derni\u00e8re g\u00e9n\u00e9ration mis-\u00e0-jour<\/p>\n\n\n\n<p>Les liens hypertextes mis en place dans le cadre du pr\u00e9sent site internet en direction d\u2019autres ressources pr\u00e9sentes sur le r\u00e9seau Internet ne sauraient engager la responsabilit\u00e9 du Minist\u00e8re de l\u2019Industrie, du Commerce et de l\u2019\u00c9conomie Verte et Num\u00e9rique.<\/p>\n\n\n\n<p>Tout le contenu du pr\u00e9sent sur le site mcinet.gov.ma, incluant, de fa\u00e7on non limitative, les graphismes, images, textes, vid\u00e9os, animations, audio, logos, gifs et ic\u00f4nes ainsi que leur mise en forme sont la propri\u00e9t\u00e9 exclusive du Minist\u00e8re \u00e0 l\u2019exception des marques, logos, photos, \u00e9l\u00e9ments graphiques ou contenus appartenant \u00e0 d\u2019autres partenaires ou auteurs.<\/p>\n\n\n\n<p>Toute reproduction, distribution, modification, adaptation, retransmission ou publication, m\u00eame partielle, de ces diff\u00e9rents \u00e9l\u00e9ments est strictement interdite sans l\u2019accord expr\u00e8s par \u00e9crit du Minist\u00e8re de l\u2019Industrie, du Commerce et de l\u2019\u00c9conomie Verte et Num\u00e9rique. Cette repr\u00e9sentation ou reproduction, par quelque proc\u00e9d\u00e9 que ce soit, constitue une contrefa\u00e7on sanctionn\u00e9e par la loi en vigueur. Le non-respect de cette interdiction constitue une contrefa\u00e7on pouvant engager la responsabilit\u00e9 civile et p\u00e9nale du contrefacteur.<\/p>\n\n\n\n<p>Conform\u00e9ment \u00e0 la loi en vigueur, ce site a fait l\u2019objet d\u2019une d\u00e9claration aupr\u00e8s de Centre Marocain d\u2019Alerte et de Gestion des Incidents Informatiques.<\/p>\n\n\n\n<p><strong>Les pr\u00e9sentes mentions l\u00e9gales sont r\u00e9gies par la loi marocaine.<\/strong><\/p>\n\n\n\n<p>De mani\u00e8re g\u00e9n\u00e9rale, vous pouvez vous rendre sur le site sosmedecinagadir.com sans qu\u2019il soit besoin de communiquer des donn\u00e9es \u00e0 caract\u00e8re personnel. Il se peut, afin de mieux r\u00e9pondre \u00e0 vos besoins, que le Minist\u00e8re de l\u2019Industrie, du Commerce et de l\u2019\u00c9conomie Verte et Num\u00e9rique vous demande de lui fournir des donn\u00e9es \u00e0 caract\u00e8re personnel vous concernant, par exemple, pour \u00e9tablir une correspondance ou faire une demande de r\u00e9servation.<\/p>\n\n\n\n<p>Il peut s\u2019agir, notamment, de vos coordonn\u00e9es (nom, adresse, num\u00e9ro de t\u00e9l\u00e9phone, adresse \u00e9lectronique, etc.).<\/p>\n\n\n\n<p>Les informations recueillies sur le site sosmedecinagadir.com sont exclusivement collect\u00e9es pour un usage interne.<\/p>\n\n\n\n<p>Les destinataires de vos donn\u00e9es \u00e0 caract\u00e8re personnel se limitent exclusivement aux personnes habilit\u00e9es \u00e0 conna\u00eetre vos donn\u00e9es en raison de leurs fonctions.<\/p>\n\n\n\n<p>Le Minist\u00e8re de l\u2019Industrie, du Commerce et de l\u2019\u00c9conomie Verte et Num\u00e9rique peut \u00eatre amen\u00e9 \u00e0 partager vos donn\u00e9es \u00e0 caract\u00e8re personnel avec les tiers autoris\u00e9s auxquels il fait appel pour traiter votre demande. Ces derniers sont tenus par contrat de respecter la confidentialit\u00e9 et la s\u00e9curit\u00e9 des donn\u00e9es qu\u2019ils sont susceptibles de recevoir et de ne les utiliser que pour les besoins de la mission qui leur a \u00e9t\u00e9 confi\u00e9e.<\/p>\n\n\n\n<p>Conform\u00e9ment \u00e0 la loi n\u00b0 09-08 promulgu\u00e9e par le Dahir 1-09-15 du 18 f\u00e9vrier 2009, relative \u00e0 la protection des personnes physiques \u00e0 l\u2019\u00e9gard du traitement des donn\u00e9es \u00e0 caract\u00e8re personnel, vous b\u00e9n\u00e9ficiez d\u2019un droit d\u2019acc\u00e8s et de rectification aux informations qui vous concernent. Pour l\u2019exercice de ces droits, veuillez contacter :<\/p>\n\n\n\n<p><br><strong>Si\u00e9ge social <\/strong>: 44, Rue des h\u00f4pitaux, Quartier des h\u00f4pitaux | 20360 , Maroc<br><strong>T\u00e9l\u00e9phone :<\/strong> 06 06 320 320<br><strong>Email :<\/strong> sosmedecin20@gmail.com<br><strong>Site Web : <\/strong>sosmedecinagadir.com<\/p>\n\n\n\n<p>Vous pouvez \u00e9galement, pour des motifs l\u00e9gitimes, vous opposer \u00e0 ce que les donn\u00e9es qui vous concernent fassent l\u2019objet d\u2019un traitement.<\/p>\n\n\n\n<p>Les cookies, utilis\u00e9s pour collecter des informations dans votre ordinateur permettent d\u2019optimiser la connexion et de personnaliser l\u2019utilisation du site. Le fait de refuser les cookies peut vous emp\u00eacher d\u2019acc\u00e9der \u00e0 certaines fonctionnalit\u00e9s du site. Toutefois, vous pouvez configurer les pr\u00e9f\u00e9rences de votre logiciel de navigation pour refuser les cookies.<\/p>\n\n\n\n<p>Certains formulaires propos\u00e9s sur le site ne rev\u00eatent pas de caract\u00e8re obligatoire. Vous pouvez donc choisir de ne pas les remplir. D\u2019autres formulaires doivent \u00eatre obligatoirement remplis pour nous permettre de r\u00e9pondre \u00e0 votre demande.<\/p>\n\n\n\n<p>Conform\u00e9ment \u00e0 la loi 08-09 du 18 f\u00e9vrier 2009 relative \u00e0 la protection des personnes physiques \u00e0 l\u2019\u00e9gard du traitement des donn\u00e9es \u00e0 caract\u00e8re personnel, vous disposez d\u2019un droit de consultation et de rectification que vous pouvez exercer en nous \u00e9crivant \u00e0 :<\/p>\n\n\n\n<p><br><strong>Si\u00e9ge social <\/strong>: 44, Rue des h\u00f4pitaux, Quartier des h\u00f4pitaux | 20360 , Maroc<br><strong>T\u00e9l\u00e9phone :<\/strong> 06 06 320 320<br><strong>Email :<\/strong> sosmedecin20@gmail.com<br><strong>Site Web : <\/strong>sosmedecinagadir.com<\/p>","protected":false},"excerpt":{"rendered":"<p>Mentions l\u00e9gales En savoir plus sur nos conditions et accords li\u00e9s \u00e0 nos mentions l\u00e9gales. En vous connectant sur ce site, vous acceptez sans r\u00e9serve les pr\u00e9sentes modalit\u00e9s et conditions d\u2019utilisation. Les responsables du pr\u00e9sent site internet sosmedecinagadir.com sont : Si\u00e9ge social : 44, Rue des h\u00f4pitaux, Quartier des h\u00f4pitaux | 20360 , MarocT\u00e9l\u00e9phone : [&hellip;]\n","protected":false},"author":1,"featured_media":0,"parent":0,"menu_order":0,"comment_status":"closed","ping_status":"closed","template":"","meta":{"footnotes":""},"class_list":["post-3085","page","type-page","status-publish","hentry"],"_links":{"self":[{"href":"https:\/\/sosmedecinagadir.com\/es\/wp-json\/wp\/v2\/pages\/3085","targetHints":{"allow":["GET"]}}],"collection":[{"href":"https:\/\/sosmedecinagadir.com\/es\/wp-json\/wp\/v2\/pages"}],"about":[{"href":"https:\/\/sosmedecinagadir.com\/es\/wp-json\/wp\/v2\/types\/page"}],"author":[{"embeddable":true,"href":"https:\/\/sosmedecinagadir.com\/es\/wp-json\/wp\/v2\/users\/1"}],"replies":[{"embeddable":true,"href":"https:\/\/sosmedecinagadir.com\/es\/wp-json\/wp\/v2\/comments?post=3085"}],"version-history":[{"count":3,"href":"https:\/\/sosmedecinagadir.com\/es\/wp-json\/wp\/v2\/pages\/3085\/revisions"}],"predecessor-version":[{"id":3204,"href":"https:\/\/sosmedecinagadir.com\/es\/wp-json\/wp\/v2\/pages\/3085\/revisions\/3204"}],"wp:attachment":[{"href":"https:\/\/sosmedecinagadir.com\/es\/wp-json\/wp\/v2\/media?parent=3085"}],"curies":[{"name":"wp","href":"https:\/\/api.w.org\/{rel}","templated":true}]}}