{"id":3082,"date":"2024-04-21T10:49:08","date_gmt":"2024-04-21T10:49:08","guid":{"rendered":"https:\/\/sosmedecinagadir.com\/?page_id=3082"},"modified":"2024-11-20T14:48:33","modified_gmt":"2024-11-20T14:48:33","slug":"politique-relative-aux-cookies","status":"publish","type":"page","link":"https:\/\/sosmedecinagadir.com\/de\/politique-relative-aux-cookies\/","title":{"rendered":"Politique relative aux cookies"},"content":{"rendered":"<h2 class=\"wp-block-heading\"><strong>Politique relative aux cookies<\/strong><\/h2>\n\n\n\n<p>En savoir plus sur nos conditions relatives \u00e0 l\u2019utilisation des cookies sur notre site Web.<\/p>\n\n\n\n<p>Derni\u00e8re mise \u00e0 jour : 20 Avril 2024<\/p>\n\n\n\n<p>Cette politique de cookies explique ce que sont les cookies et comment nous les utilisons. Vous devriez lire cette politique afin que vous puissiez comprendre quel type de cookies nous utilisons, ou les informations que nous collectons \u00e0 l\u2019aide de cookies et comment ces informations sont utilis\u00e9es.&nbsp;<\/p>\n\n\n\n<p>Les cookies ne contiennent g\u00e9n\u00e9ralement aucune information permettant d\u2019identifier personnellement un utilisateur, mais les informations personnelles que nous stockons \u00e0 votre sujet peuvent \u00eatre li\u00e9es aux informations stock\u00e9es et obtenues \u00e0 partir des cookies. Pour plus d\u2019informations sur la fa\u00e7on dont Nous utilisons, stockons et prot\u00e9geons vos donn\u00e9es personnelles, consultez notre Politique de confidentialit\u00e9. Nous ne stockons pas d\u2019informations personnelles sensibles, telles que les adresses postales, les mots de passe de compte, etc. dans les cookies que nous utilisons.<\/p>\n\n\n\n<h3 class=\"wp-block-heading\"><strong>Interpr\u00e9tation<\/strong><\/h3>\n\n\n\n<p>Les mots dont la lettre initiale est en majuscule ont des significations d\u00e9finies dans les conditions suivantes. Les d\u00e9finitions suivantes ont la m\u00eame signification, qu\u2019elles apparaissent au singulier ou au pluriel.<\/p>\n\n\n\n<h3 class=\"wp-block-heading\"><strong>D\u00e9finitions<\/strong><\/h3>\n\n\n\n<p>Aux fins de la pr\u00e9sente politique relative aux cookies :&nbsp;<\/p>\n\n\n\n<p>La Soci\u00e9t\u00e9 (appel\u00e9e soit \u00ab la Soci\u00e9t\u00e9 \u00bb, \u00ab Nous \u00bb, \u00ab Notre \u00bb ou \u00ab Nos \u00bb dans la pr\u00e9sente Politique relative aux cookies) fait r\u00e9f\u00e9rence \u00e0 sosmedecinagadir.com<\/p>\n\n\n\n<p>Les cookies d\u00e9signent de petits fichiers qui sont plac\u00e9s sur votre ordinateur, appareil mobile ou tout autre appareil par un site Web, contenant les d\u00e9tails de votre historique de navigation sur ce site Web parmi ses nombreuses utilisations. Le site fait r\u00e9f\u00e9rence \u00e0 sosmedecinagadir, accessible depuis sosmedecinagadir.com<\/p>\n\n\n\n<p>Vous d\u00e9signe la personne qui acc\u00e8de ou utilise le site Web, ou une entreprise ou toute entit\u00e9 juridique au nom de laquelle cette personne acc\u00e8de ou utilise le site Web, selon le cas.<\/p>\n\n\n\n<h3 class=\"wp-block-heading\"><strong>Type de cookies que nous utilisons<\/strong><\/h3>\n\n\n\n<p>Les cookies peuvent \u00eatre des cookies \u00ab persistants \u00bb ou \u00ab de session \u00bb. Les cookies persistants restent sur votre ordinateur personnel ou appareil mobile lorsque vous vous d\u00e9connectez, tandis que les cookies de session sont supprim\u00e9s d\u00e8s que vous fermez votre navigateur Web.<\/p>\n\n\n\n<p>Nous utilisons \u00e0 la fois des cookies de session et des cookies persistants aux fins d\u00e9crites ci-dessous :<\/p>\n\n\n\n<p><strong>Cookies n\u00e9cessaires \/ essentiels&nbsp;<\/strong><\/p>\n\n\n\n<ul class=\"wp-block-list\">\n<li>Type: Cookies de session Administr\u00e9 par : Nous,&nbsp;<\/li>\n\n\n\n<li>Finalit\u00e9 : Ces Cookies sont essentiels pour vous fournir les services disponibles sur le Site Internet et pour Vous permettre d\u2019utiliser certaines de ses fonctionnalit\u00e9s. Ils aident \u00e0 authentifier les utilisateurs et \u00e0 emp\u00eacher l\u2019utilisation frauduleuse des comptes d\u2019utilisateurs. Sans ces cookies, les services que vous avez demand\u00e9s ne peuvent pas \u00eatre fournis, et nous n\u2019utilisons ces cookies que pour vous fournir ces services.<\/li>\n<\/ul>\n\n\n\n<p><strong>Cookies de fonctionnalit\u00e9<\/strong><\/p>\n\n\n\n<ul class=\"wp-block-list\">\n<li>Type : Cookies persistants Administr\u00e9 par : Nous&nbsp;<\/li>\n\n\n\n<li>Objectif : ces cookies nous permettent de m\u00e9moriser les choix que vous faites lorsque vous utilisez le site Web, tels que la m\u00e9morisation de vos informations de connexion ou de votre pr\u00e9f\u00e9rence linguistique. Le but de ces Cookies est de Vous offrir une exp\u00e9rience plus personnelle et de Vous \u00e9viter d\u2019avoir \u00e0 ressaisir vos pr\u00e9f\u00e9rences \u00e0 chaque fois que Vous utilisez le Site.<\/li>\n<\/ul>\n\n\n\n<h3 class=\"wp-block-heading\"><strong>Vos choix concernant les cookies<\/strong><\/h3>\n\n\n\n<p>Si vous pr\u00e9f\u00e9rez \u00e9viter l\u2019utilisation de cookies sur le site Web, vous devez d\u2019abord d\u00e9sactiver l\u2019utilisation de cookies dans votre navigateur, puis supprimer les cookies enregistr\u00e9s dans votre navigateur associ\u00e9s \u00e0 ce site Web. Vous pouvez utiliser cette option pour emp\u00eacher l\u2019utilisation de cookies \u00e0 tout moment.<\/p>\n\n\n\n<p>Si vous n\u2019acceptez pas nos cookies, vous pouvez rencontrer des inconv\u00e9nients dans votre utilisation du site Web et certaines fonctionnalit\u00e9s peuvent ne pas fonctionner correctement.<\/p>\n\n\n\n<p>Si vous souhaitez supprimer les cookies ou demander \u00e0 votre navigateur Web de supprimer ou de refuser les cookies, veuillez visiter les pages d\u2019aide de votre navigateur Web.<\/p>\n\n\n\n<ul class=\"wp-block-list\">\n<li>Pour le navigateur Web Chrome, veuillez visiter cette page de Google:<a href=\"https:\/\/support.google.com\/accounts\/answer\/32050\"> https:\/\/support.google.com\/accounts\/answer\/32050<\/a><\/li>\n\n\n\n<li>Pour le navigateur Web Internet Explorer, veuillez visiter cette page de Microsoft:<\/li>\n\n\n\n<li><a href=\"http:\/\/support.microsoft.com\/kb\/278835\">http:\/\/support.microsoft.com\/kb\/278835<\/a><\/li>\n\n\n\n<li>Pour le navigateur Web Firefox, veuillez visiter cette page de Mozilla:<a href=\"https:\/\/support.mozilla.org\/en-US\/kb\/delete-cookies-remove-info-websites-stored\"> https:\/\/support.mozilla.org\/en-US\/kb\/delete-cookies-remove-info-websites-stored<\/a><\/li>\n\n\n\n<li>Pour le navigateur Web Safari, veuillez visiter cette page d\u2019Apple:<a href=\"https:\/\/support.apple.com\/guide\/safari\/manage-cookies-and-website-data-sfri11471\/mac\"> https:\/\/support.apple.com\/guide\/safari\/manage-cookies-and-website-data-sfri11471\/mac<\/a><\/li>\n<\/ul>\n\n\n\n<p>Pour tout autre navigateur Web, veuillez visiter les pages Web officielles de votre navigateur Web.<\/p>\n\n\n\n<h3 class=\"wp-block-heading\"><strong>Nous contacter<\/strong><\/h3>\n\n\n\n<p>Si vous avez des questions sur cette politique de cookies, vous pouvez nous contacter :<\/p>\n\n\n\n<p><strong>Si\u00e9ge social <\/strong>: 44, Rue des h\u00f4pitaux, Quartier des h\u00f4pitaux | 20360 , Maroc<br><strong>T\u00e9l\u00e9phone :<\/strong> 06 06 320 320<br><strong>Email :<\/strong> sosmedecin20@gmail.com<br><strong>Site Web : <\/strong>sosmedecinagadir.com<\/p>","protected":false},"excerpt":{"rendered":"<p>Politique relative aux cookies En savoir plus sur nos conditions relatives \u00e0 l\u2019utilisation des cookies sur notre site Web. Derni\u00e8re mise \u00e0 jour : 20 Avril 2024 Cette politique de cookies explique ce que sont les cookies et comment nous les utilisons. Vous devriez lire cette politique afin que vous puissiez comprendre quel type de [&hellip;]\n","protected":false},"author":1,"featured_media":0,"parent":0,"menu_order":0,"comment_status":"closed","ping_status":"closed","template":"","meta":{"footnotes":""},"class_list":["post-3082","page","type-page","status-publish","hentry"],"_links":{"self":[{"href":"https:\/\/sosmedecinagadir.com\/de\/wp-json\/wp\/v2\/pages\/3082","targetHints":{"allow":["GET"]}}],"collection":[{"href":"https:\/\/sosmedecinagadir.com\/de\/wp-json\/wp\/v2\/pages"}],"about":[{"href":"https:\/\/sosmedecinagadir.com\/de\/wp-json\/wp\/v2\/types\/page"}],"author":[{"embeddable":true,"href":"https:\/\/sosmedecinagadir.com\/de\/wp-json\/wp\/v2\/users\/1"}],"replies":[{"embeddable":true,"href":"https:\/\/sosmedecinagadir.com\/de\/wp-json\/wp\/v2\/comments?post=3082"}],"version-history":[{"count":5,"href":"https:\/\/sosmedecinagadir.com\/de\/wp-json\/wp\/v2\/pages\/3082\/revisions"}],"predecessor-version":[{"id":3203,"href":"https:\/\/sosmedecinagadir.com\/de\/wp-json\/wp\/v2\/pages\/3082\/revisions\/3203"}],"wp:attachment":[{"href":"https:\/\/sosmedecinagadir.com\/de\/wp-json\/wp\/v2\/media?parent=3082"}],"curies":[{"name":"wp","href":"https:\/\/api.w.org\/{rel}","templated":true}]}}